{"id":11102,"date":"2024-05-31T18:56:01","date_gmt":"2024-05-31T21:56:01","guid":{"rendered":"https:\/\/econrio.com.br\/?page_id=11102"},"modified":"2024-06-03T17:25:53","modified_gmt":"2024-06-03T20:25:53","slug":"o-programa-econvoce","status":"publish","type":"page","link":"https:\/\/econrio.com.br\/index.php\/o-programa-econvoce\/","title":{"rendered":"O Programa Econ+Voc\u00ea"},"content":{"rendered":"<p>[et_pb_section fb_built=&#8221;1&#8243; fullwidth=&#8221;on&#8221; _builder_version=&#8221;4.18.1&#8243; _module_preset=&#8221;default&#8221; global_colors_info=&#8221;{}&#8221;][et_pb_fullwidth_header title=&#8221;O Programa Econ+Voc\u00ea&#8221; _builder_version=&#8221;4.18.1&#8243; _module_preset=&#8221;default&#8221; title_font=&#8221;|700|||||||&#8221; title_text_color=&#8221;#003383&#8243; use_background_color_gradient=&#8221;on&#8221; background_color_gradient_direction=&#8221;90deg&#8221; background_color_gradient_stops=&#8221;#ffffff 20%|rgba(0,0,0,0.46) 73%&#8221; background_color_gradient_overlays_image=&#8221;on&#8221; background_image=&#8221;https:\/\/econrio.com.br\/wp-content\/uploads\/2023\/09\/banner-respo.jpg&#8221; hover_enabled=&#8221;0&#8243; global_colors_info=&#8221;{}&#8221; locked=&#8221;off&#8221; sticky_enabled=&#8221;0&#8243;][\/et_pb_fullwidth_header][\/et_pb_section][et_pb_section fb_built=&#8221;1&#8243; _builder_version=&#8221;4.18.1&#8243; _module_preset=&#8221;default&#8221; locked=&#8221;off&#8221; global_colors_info=&#8221;{}&#8221;][et_pb_row _builder_version=&#8221;4.18.1&#8243; _module_preset=&#8221;default&#8221; locked=&#8221;off&#8221; global_colors_info=&#8221;{}&#8221;][et_pb_column type=&#8221;4_4&#8243; _builder_version=&#8221;4.18.1&#8243; _module_preset=&#8221;default&#8221; global_colors_info=&#8221;{}&#8221;][et_pb_image src=&#8221;https:\/\/econrio.com.br\/wp-content\/uploads\/2024\/06\/econvoce-01.png&#8221; title_text=&#8221;econvoce-01&#8243; _builder_version=&#8221;4.18.1&#8243; _module_preset=&#8221;default&#8221; width=&#8221;30%&#8221; max_width=&#8221;31%&#8221; min_height=&#8221;227px&#8221; max_height=&#8221;239px&#8221; custom_margin=&#8221;-28px||-28px||true|false&#8221; global_colors_info=&#8221;{}&#8221;][\/et_pb_image][et_pb_divider color=&#8221;#003383&#8243; divider_weight=&#8221;5px&#8221; _builder_version=&#8221;4.18.1&#8243; _module_preset=&#8221;default&#8221; width=&#8221;10%&#8221; module_alignment=&#8221;left&#8221; custom_margin=&#8221;||10px||false|false&#8221; global_colors_info=&#8221;{}&#8221;][\/et_pb_divider][\/et_pb_column][\/et_pb_row][et_pb_row column_structure=&#8221;3_5,2_5&#8243; _builder_version=&#8221;4.18.1&#8243; _module_preset=&#8221;default&#8221; global_colors_info=&#8221;{}&#8221;][et_pb_column type=&#8221;3_5&#8243; _builder_version=&#8221;4.18.1&#8243; _module_preset=&#8221;default&#8221; global_colors_info=&#8221;{}&#8221;][et_pb_text _builder_version=&#8221;4.18.1&#8243; _module_preset=&#8221;default&#8221; text_font=&#8221;||||||||&#8221; text_text_color=&#8221;#565656&#8243; text_font_size=&#8221;16px&#8221; text_line_height=&#8221;1.6em&#8221; global_colors_info=&#8221;{}&#8221;]<\/p>\n<p><strong>Compromisso com a Responsabilidade Social<\/strong><\/p>\n<p><span style=\"font-weight: 400;\">Na Econrio, acreditamos que nosso papel vai al\u00e9m de ser uma empresa de concursos e educa\u00e7\u00e3o. Nosso compromisso com a responsabilidade social reflete nosso desejo de contribuir para um mundo mais justo e inclusivo.<\/span><\/p>\n<p><span style=\"font-weight: 400;\">No ano de 2023, a Econrio deu um passo significativo em dire\u00e7\u00e3o ao seu compromisso com a sociedade, estabelecendo uma nova \u00e1rea de responsabilidade social. Como empresa l\u00edder em processos seletivos, vestibulares, solu\u00e7\u00f5es de tecnologia, capacita\u00e7\u00e3o de professores, pesquisas de dados e desenvolvimento integral, a Econrio reconhece a import\u00e2ncia de retribuir \u00e0 sociedade e contribuir para um futuro mais justo e socialmente sustent\u00e1vel.<\/span><\/p>\n<p><span style=\"font-weight: 400;\">Por isso, buscamos integrar pr\u00e1ticas de responsabilidade social em nossas atividades, promovendo educa\u00e7\u00e3o de qualidade, equidade e desenvolvimento social. Acreditamos que, por meio de nossos servi\u00e7os e iniciativas, podemos gerar impacto positivo e criar um legado duradouro.\u00a0<\/span><\/p>\n<p><span style=\"font-weight: 400;\">Juntos, somos mais fortes.<\/span><\/p>\n<p><b>Nossos projetos:<\/b><\/p>\n<ol>\n<li style=\"font-weight: 400;\" aria-level=\"1\"><span style=\"font-weight: 400;\"><a href=\"https:\/\/econrio.com.br\/index.php\/projeto-simulados\/\" target=\"_blank\" rel=\"noopener\">Projeto Simulados<\/a> \u2013 Simula\u00e7\u00e3o real\u00edstica de provas de vestibular UERJ e ENEM;<\/span><\/li>\n<li style=\"font-weight: 400;\" aria-level=\"1\"><span style=\"font-weight: 400;\"><a href=\"https:\/\/econrio.com.br\/index.php\/projeto-sos-chuvas\/\" target=\"_blank\" rel=\"noopener\">Projeto SOS Chuvas<\/a> \u2013 Solu\u00e7\u00e3o de Tecnologia para ajuda humanit\u00e1ria.<\/span><\/li>\n<\/ol>\n<p>&nbsp;<\/p>\n<p>Para saber mais, acompanhe o nosso <a href=\"https:\/\/www.instagram.com\/econ_voce?igsh=MTR3OXh1MGl1d2Ewdg==\" target=\"_blank\" rel=\"noopener\">Instagram (@econ_voce).<\/a><\/p>\n<p>[\/et_pb_text][\/et_pb_column][et_pb_column type=&#8221;2_5&#8243; _builder_version=&#8221;4.18.1&#8243; _module_preset=&#8221;default&#8221; global_colors_info=&#8221;{}&#8221;][et_pb_image title_text=&#8221;foto-econ&#8221; _builder_version=&#8221;4.18.1&#8243; _module_preset=&#8221;default&#8221; custom_margin=&#8221;-40px||||false|false&#8221; animation_style=&#8221;slide&#8221; animation_direction=&#8221;bottom&#8221; global_colors_info=&#8221;{}&#8221;][\/et_pb_image][\/et_pb_column][\/et_pb_row][\/et_pb_section]<\/p>\n","protected":false},"excerpt":{"rendered":"<p>Compromisso com a Responsabilidade Social Na Econrio, acreditamos que nosso papel vai al\u00e9m de ser uma empresa de concursos e educa\u00e7\u00e3o. Nosso compromisso com a responsabilidade social reflete nosso desejo de contribuir para um mundo mais justo e inclusivo. No ano de 2023, a Econrio deu um passo significativo em dire\u00e7\u00e3o ao seu compromisso com [&hellip;]<\/p>\n","protected":false},"author":7,"featured_media":0,"parent":0,"menu_order":0,"comment_status":"closed","ping_status":"closed","template":"","meta":{"_et_pb_use_builder":"on","_et_pb_old_content":"","_et_gb_content_width":"","footnotes":""},"class_list":["post-11102","page","type-page","status-publish","hentry"],"yoast_head":"<!-- This site is optimized with the Yoast SEO plugin v24.3 - https:\/\/yoast.com\/wordpress\/plugins\/seo\/ -->\n<title>O Programa Econ+Voc\u00ea - Econrio<\/title>\n<meta name=\"robots\" content=\"index, follow, max-snippet:-1, max-image-preview:large, max-video-preview:-1\" \/>\n<link rel=\"canonical\" href=\"https:\/\/econrio.com.br\/index.php\/o-programa-econvoce\/\" \/>\n<meta property=\"og:locale\" content=\"pt_BR\" \/>\n<meta property=\"og:type\" content=\"article\" \/>\n<meta property=\"og:title\" content=\"O Programa Econ+Voc\u00ea - Econrio\" \/>\n<meta property=\"og:description\" content=\"Compromisso com a Responsabilidade Social Na Econrio, acreditamos que nosso papel vai al\u00e9m de ser uma empresa de concursos e educa\u00e7\u00e3o. Nosso compromisso com a responsabilidade social reflete nosso desejo de contribuir para um mundo mais justo e inclusivo. No ano de 2023, a Econrio deu um passo significativo em dire\u00e7\u00e3o ao seu compromisso com [&hellip;]\" \/>\n<meta property=\"og:url\" content=\"https:\/\/econrio.com.br\/index.php\/o-programa-econvoce\/\" \/>\n<meta property=\"og:site_name\" content=\"Econrio\" \/>\n<meta property=\"article:modified_time\" content=\"2024-06-03T20:25:53+00:00\" \/>\n<meta name=\"twitter:card\" content=\"summary_large_image\" \/>\n<meta name=\"twitter:label1\" content=\"Est. tempo de leitura\" \/>\n\t<meta name=\"twitter:data1\" content=\"2 minutos\" \/>\n<script type=\"application\/ld+json\" class=\"yoast-schema-graph\">{\"@context\":\"https:\/\/schema.org\",\"@graph\":[{\"@type\":\"WebPage\",\"@id\":\"https:\/\/econrio.com.br\/index.php\/o-programa-econvoce\/\",\"url\":\"https:\/\/econrio.com.br\/index.php\/o-programa-econvoce\/\",\"name\":\"O Programa Econ+Voc\u00ea - Econrio\",\"isPartOf\":{\"@id\":\"https:\/\/econrio.com.br\/#website\"},\"datePublished\":\"2024-05-31T21:56:01+00:00\",\"dateModified\":\"2024-06-03T20:25:53+00:00\",\"breadcrumb\":{\"@id\":\"https:\/\/econrio.com.br\/index.php\/o-programa-econvoce\/#breadcrumb\"},\"inLanguage\":\"pt-BR\",\"potentialAction\":[{\"@type\":\"ReadAction\",\"target\":[\"https:\/\/econrio.com.br\/index.php\/o-programa-econvoce\/\"]}]},{\"@type\":\"BreadcrumbList\",\"@id\":\"https:\/\/econrio.com.br\/index.php\/o-programa-econvoce\/#breadcrumb\",\"itemListElement\":[{\"@type\":\"ListItem\",\"position\":1,\"name\":\"In\u00edcio\",\"item\":\"https:\/\/econrio.com.br\/\"},{\"@type\":\"ListItem\",\"position\":2,\"name\":\"O Programa Econ+Voc\u00ea\"}]},{\"@type\":\"WebSite\",\"@id\":\"https:\/\/econrio.com.br\/#website\",\"url\":\"https:\/\/econrio.com.br\/\",\"name\":\"Econrio\",\"description\":\"Presta\u00e7\u00e3o de servi\u00e7os de sele\u00e7\u00e3o e concursos p\u00fablicos.\",\"publisher\":{\"@id\":\"https:\/\/econrio.com.br\/#organization\"},\"potentialAction\":[{\"@type\":\"SearchAction\",\"target\":{\"@type\":\"EntryPoint\",\"urlTemplate\":\"https:\/\/econrio.com.br\/?s={search_term_string}\"},\"query-input\":{\"@type\":\"PropertyValueSpecification\",\"valueRequired\":true,\"valueName\":\"search_term_string\"}}],\"inLanguage\":\"pt-BR\"},{\"@type\":\"Organization\",\"@id\":\"https:\/\/econrio.com.br\/#organization\",\"name\":\"Econrio\",\"url\":\"https:\/\/econrio.com.br\/\",\"logo\":{\"@type\":\"ImageObject\",\"inLanguage\":\"pt-BR\",\"@id\":\"https:\/\/econrio.com.br\/#\/schema\/logo\/image\/\",\"url\":\"http:\/\/wpdev.econrio.com.br\/wp-content\/uploads\/2023\/09\/banner-share.jpg\",\"contentUrl\":\"http:\/\/wpdev.econrio.com.br\/wp-content\/uploads\/2023\/09\/banner-share.jpg\",\"width\":1899,\"height\":974,\"caption\":\"Econrio\"},\"image\":{\"@id\":\"https:\/\/econrio.com.br\/#\/schema\/logo\/image\/\"},\"sameAs\":[\"https:\/\/br.linkedin.com\/company\/econrio\"]}]}<\/script>\n<!-- \/ Yoast SEO plugin. -->","yoast_head_json":{"title":"O Programa Econ+Voc\u00ea - Econrio","robots":{"index":"index","follow":"follow","max-snippet":"max-snippet:-1","max-image-preview":"max-image-preview:large","max-video-preview":"max-video-preview:-1"},"canonical":"https:\/\/econrio.com.br\/index.php\/o-programa-econvoce\/","og_locale":"pt_BR","og_type":"article","og_title":"O Programa Econ+Voc\u00ea - Econrio","og_description":"Compromisso com a Responsabilidade Social Na Econrio, acreditamos que nosso papel vai al\u00e9m de ser uma empresa de concursos e educa\u00e7\u00e3o. Nosso compromisso com a responsabilidade social reflete nosso desejo de contribuir para um mundo mais justo e inclusivo. No ano de 2023, a Econrio deu um passo significativo em dire\u00e7\u00e3o ao seu compromisso com [&hellip;]","og_url":"https:\/\/econrio.com.br\/index.php\/o-programa-econvoce\/","og_site_name":"Econrio","article_modified_time":"2024-06-03T20:25:53+00:00","twitter_card":"summary_large_image","twitter_misc":{"Est. tempo de leitura":"2 minutos"},"schema":{"@context":"https:\/\/schema.org","@graph":[{"@type":"WebPage","@id":"https:\/\/econrio.com.br\/index.php\/o-programa-econvoce\/","url":"https:\/\/econrio.com.br\/index.php\/o-programa-econvoce\/","name":"O Programa Econ+Voc\u00ea - Econrio","isPartOf":{"@id":"https:\/\/econrio.com.br\/#website"},"datePublished":"2024-05-31T21:56:01+00:00","dateModified":"2024-06-03T20:25:53+00:00","breadcrumb":{"@id":"https:\/\/econrio.com.br\/index.php\/o-programa-econvoce\/#breadcrumb"},"inLanguage":"pt-BR","potentialAction":[{"@type":"ReadAction","target":["https:\/\/econrio.com.br\/index.php\/o-programa-econvoce\/"]}]},{"@type":"BreadcrumbList","@id":"https:\/\/econrio.com.br\/index.php\/o-programa-econvoce\/#breadcrumb","itemListElement":[{"@type":"ListItem","position":1,"name":"In\u00edcio","item":"https:\/\/econrio.com.br\/"},{"@type":"ListItem","position":2,"name":"O Programa Econ+Voc\u00ea"}]},{"@type":"WebSite","@id":"https:\/\/econrio.com.br\/#website","url":"https:\/\/econrio.com.br\/","name":"Econrio","description":"Presta\u00e7\u00e3o de servi\u00e7os de sele\u00e7\u00e3o e concursos p\u00fablicos.","publisher":{"@id":"https:\/\/econrio.com.br\/#organization"},"potentialAction":[{"@type":"SearchAction","target":{"@type":"EntryPoint","urlTemplate":"https:\/\/econrio.com.br\/?s={search_term_string}"},"query-input":{"@type":"PropertyValueSpecification","valueRequired":true,"valueName":"search_term_string"}}],"inLanguage":"pt-BR"},{"@type":"Organization","@id":"https:\/\/econrio.com.br\/#organization","name":"Econrio","url":"https:\/\/econrio.com.br\/","logo":{"@type":"ImageObject","inLanguage":"pt-BR","@id":"https:\/\/econrio.com.br\/#\/schema\/logo\/image\/","url":"http:\/\/wpdev.econrio.com.br\/wp-content\/uploads\/2023\/09\/banner-share.jpg","contentUrl":"http:\/\/wpdev.econrio.com.br\/wp-content\/uploads\/2023\/09\/banner-share.jpg","width":1899,"height":974,"caption":"Econrio"},"image":{"@id":"https:\/\/econrio.com.br\/#\/schema\/logo\/image\/"},"sameAs":["https:\/\/br.linkedin.com\/company\/econrio"]}]}},"_links":{"self":[{"href":"https:\/\/econrio.com.br\/index.php\/wp-json\/wp\/v2\/pages\/11102","targetHints":{"allow":["GET"]}}],"collection":[{"href":"https:\/\/econrio.com.br\/index.php\/wp-json\/wp\/v2\/pages"}],"about":[{"href":"https:\/\/econrio.com.br\/index.php\/wp-json\/wp\/v2\/types\/page"}],"author":[{"embeddable":true,"href":"https:\/\/econrio.com.br\/index.php\/wp-json\/wp\/v2\/users\/7"}],"replies":[{"embeddable":true,"href":"https:\/\/econrio.com.br\/index.php\/wp-json\/wp\/v2\/comments?post=11102"}],"version-history":[{"count":13,"href":"https:\/\/econrio.com.br\/index.php\/wp-json\/wp\/v2\/pages\/11102\/revisions"}],"predecessor-version":[{"id":11211,"href":"https:\/\/econrio.com.br\/index.php\/wp-json\/wp\/v2\/pages\/11102\/revisions\/11211"}],"wp:attachment":[{"href":"https:\/\/econrio.com.br\/index.php\/wp-json\/wp\/v2\/media?parent=11102"}],"curies":[{"name":"wp","href":"https:\/\/api.w.org\/{rel}","templated":true}]}}