{"id":11113,"date":"2024-05-31T19:00:46","date_gmt":"2024-05-31T22:00:46","guid":{"rendered":"https:\/\/econrio.com.br\/?page_id=11113"},"modified":"2024-06-03T17:02:04","modified_gmt":"2024-06-03T20:02:04","slug":"projeto-sos-chuvas","status":"publish","type":"page","link":"https:\/\/econrio.com.br\/index.php\/projeto-sos-chuvas\/","title":{"rendered":"Projeto SOS Chuvas"},"content":{"rendered":"<p>[et_pb_section fb_built=&#8221;1&#8243; fullwidth=&#8221;on&#8221; _builder_version=&#8221;4.18.1&#8243; _module_preset=&#8221;default&#8221; global_colors_info=&#8221;{}&#8221;][et_pb_fullwidth_header title=&#8221;Projeto SOS Chuvas&#8221; _builder_version=&#8221;4.18.1&#8243; _module_preset=&#8221;default&#8221; title_font=&#8221;|700|||||||&#8221; title_text_color=&#8221;#003383&#8243; use_background_color_gradient=&#8221;on&#8221; background_color_gradient_direction=&#8221;90deg&#8221; background_color_gradient_stops=&#8221;#ffffff 20%|rgba(0,0,0,0.46) 73%&#8221; background_color_gradient_overlays_image=&#8221;on&#8221; background_image=&#8221;https:\/\/econrio.com.br\/wp-content\/uploads\/2024\/06\/WhatsApp-Image-2024-05-28-at-17.34.15.jpeg&#8221; locked=&#8221;off&#8221; global_colors_info=&#8221;{}&#8221;][\/et_pb_fullwidth_header][\/et_pb_section][et_pb_section fb_built=&#8221;1&#8243; _builder_version=&#8221;4.18.1&#8243; _module_preset=&#8221;default&#8221; locked=&#8221;off&#8221; global_colors_info=&#8221;{}&#8221;][et_pb_row _builder_version=&#8221;4.18.1&#8243; _module_preset=&#8221;default&#8221; global_colors_info=&#8221;{}&#8221;][et_pb_column type=&#8221;4_4&#8243; _builder_version=&#8221;4.18.1&#8243; _module_preset=&#8221;default&#8221; global_colors_info=&#8221;{}&#8221;][et_pb_text _builder_version=&#8221;4.18.1&#8243; _module_preset=&#8221;default&#8221; custom_margin=&#8221;||-10px||false|false&#8221; global_colors_info=&#8221;{}&#8221;]<\/p>\n<h2><span style=\"font-weight: 400;\">ECONRIO contribui com uma Solu\u00e7\u00e3o de Tecnologia para Auxiliar V\u00edtimas das Enchentes no Rio Grande do Sul<\/span><\/h2>\n<p>[\/et_pb_text][\/et_pb_column][\/et_pb_row][et_pb_row column_structure=&#8221;3_5,2_5&#8243; _builder_version=&#8221;4.18.1&#8243; _module_preset=&#8221;default&#8221; global_colors_info=&#8221;{}&#8221;][et_pb_column type=&#8221;3_5&#8243; _builder_version=&#8221;4.18.1&#8243; _module_preset=&#8221;default&#8221; global_colors_info=&#8221;{}&#8221;][et_pb_text _builder_version=&#8221;4.18.1&#8243; _module_preset=&#8221;default&#8221; text_font=&#8221;||||||||&#8221; text_text_color=&#8221;#565656&#8243; text_font_size=&#8221;16px&#8221; text_line_height=&#8221;1.6em&#8221; hover_enabled=&#8221;0&#8243; global_colors_info=&#8221;{}&#8221; sticky_enabled=&#8221;0&#8243;]<\/p>\n<p><strong>Iniciativa mostra compromisso da ECONRIO, por meio do seu bra\u00e7o de Responsabilidade Social ECON+Voc\u00ea, com a sociedade, unindo tecnologia e solidariedade<\/strong><\/p>\n<p><span style=\"font-weight: 400;\">Em resposta \u00e0 grave situa\u00e7\u00e3o causada pelas fortes chuvas que atingiram o Rio Grande do Sul, a ECONRIO, em parceria com a Equipe de Resposta R\u00e1pida (ERR) do Conselho Federal de Enfermagem (Cofen) e o Gabinete de Crise instalado no Conselho Regional de Enfermagem do Rio Grande do Sul (Coren-RS), desenvolveu uma solu\u00e7\u00e3o de tecnologia para a a\u00e7\u00e3o SOS Chuvas, criada para ajudar e acolher os profissionais de enfermagem e as comunidades afetadas.<\/span><\/p>\n<p><span style=\"font-weight: 400;\">A iniciativa teve como objetivo principal fornecer apoio t\u00e9cnico e uma solu\u00e7\u00e3o tecnol\u00f3gica que pudesse acolher, de forma organizada, a demanda crescente de pedidos de ajuda humanit\u00e1ria por parte dos profissionais de Enfermagem do Rio Grande do Sul.\u00a0<\/span><\/p>\n<p><span style=\"font-weight: 400;\">Utilizando nossa expertise em tecnologia, criamos uma plataforma de suporte que est\u00e1 auxiliando o Gabinete de Crise no acompanhamento em tempo real das necessidades dos profissionais de enfermagem atuando na linha de frente do atendimento \u00e0s v\u00edtimas.<\/span><\/p>\n<p>&nbsp;<\/p>\n<p><b>Como a ECONRIO Fez a Diferen\u00e7a:<\/b><\/p>\n<p><b>Formul\u00e1rio de Capta\u00e7\u00e3o de Dados:<\/b><span style=\"font-weight: 400;\"> A ECONRIO disponibilizou um formul\u00e1rio eletr\u00f4nico, por meio de sua ferramenta de pesquisa FeedbackA\u00ed, para captar as informa\u00e7\u00f5es dos profissionais de Enfermagem que est\u00e3o em situa\u00e7\u00e3o de risco ou necessitando de ajuda humanit\u00e1ria. Os dados s\u00e3o captados e armazenados em base de dados estruturada para gerar informa\u00e7\u00f5es relevantes para o Gabinete de Crise.<\/span><\/p>\n<p><b>Monitoramento dos Dados (BI):<\/b><span style=\"font-weight: 400;\"> A ECONRIO disponibilizou uma plataforma de monitoramento que permite ao Gabinete de Crise identificar e analisar, em tempo real, os dados sobre a situa\u00e7\u00e3o dos profissionais de enfermagem. Essa ferramenta tem sido crucial para identificar \u00e1reas de maior necessidade e direcionar os recursos de maneira eficiente.<\/span><\/p>\n<p><b>Plataforma de Ajuda Humanit\u00e1ria (CAH):<\/b><span style=\"font-weight: 400;\"> A ECONRIO desenvolveu uma plataforma, nos moldes de um CRM, para a equipe de ajuda humanit\u00e1ria classificar e qualificar os dados coletados, por meio do registro de todo o atendimento aos profissionais que usam o SOS Chuvas para solicitar apoio. As equipes de acolhimento e log\u00edstica usam o m\u00f3dulo CAH da plataforma SOS Chuvas e o sistema possui com todo o hist\u00f3rico dos atendimentos, podendo ser consultado a qualquer momento pelas equipes de trabalho envolvidas. Al\u00e9m disso, emite relat\u00f3rios para entrega de material aos profissionais assistidos e registra os status de cada pessoa que est\u00e1 sendo atendida pela equipe. Como o volume de pedidos e doa\u00e7\u00f5es tem sido muito alto, a CAH tem sido fundamental para que o trabalho transcorra de forma organizada e, assim, o Gabinete de Crise consiga atender mais prontamente e de forma assertiva os pedidos de ajuda recebidos.<\/span><\/p>\n<p><b>Personaliza\u00e7\u00e3o e Suporte T\u00e9cnico:<\/b><span style=\"font-weight: 400;\"> Nossa equipe t\u00e9cnica consultou os profissionais do Cofen e Coren-RS para entender as principais necessidades e garantir que a solu\u00e7\u00e3o de monitoramento pudesse entregar com efici\u00eancia as funcionalidades oferecidas. Al\u00e9m disso, estamos fornecendo suporte t\u00e9cnico aos profissionais que usam a ferramenta, de modo a assegurar o bom funcionamento da solu\u00e7\u00e3o.<\/span><\/p>\n<p>&nbsp;<\/p>\n<p><b>Compromisso com a Responsabilidade Social:<\/b><\/p>\n<p><span style=\"font-weight: 400;\">A ECONRIO acredita que seu papel vai al\u00e9m da organiza\u00e7\u00e3o de processos seletivos, de solu\u00e7\u00f5es tecnol\u00f3gicas voltadas para educa\u00e7\u00e3o, entre outros servi\u00e7os. Acreditamos que podemos ir al\u00e9m sempre e por isso, temos um compromisso s\u00f3lido com a responsabilidade social, pois entendemos a import\u00e2ncia de atuar em momentos de crise para ajudar a sociedade e os profissionais que dela cuidam. A parceria com o Gabinete de Crise do Cofen \u00e9 um exemplo claro de como podemos usar nossa expertise para fazer a diferen\u00e7a e proporcionar um impacto positivo em situa\u00e7\u00f5es adversas.<\/span><\/p>\n<p>&nbsp;<\/p>\n<p>Para saber mais, acompanhe o nosso <a href=\"https:\/\/www.instagram.com\/econ_voce?igsh=MTR3OXh1MGl1d2Ewdg==\" target=\"_blank\" rel=\"noopener\">Instagram (@econ_voce).<\/a><\/p>\n<p>[\/et_pb_text][\/et_pb_column][et_pb_column type=&#8221;2_5&#8243; _builder_version=&#8221;4.18.1&#8243; _module_preset=&#8221;default&#8221; global_colors_info=&#8221;{}&#8221;][et_pb_image src=&#8221;https:\/\/econrio.com.br\/wp-content\/uploads\/2024\/06\/WhatsApp-Image-2024-05-28-at-17.34.14-1.jpeg&#8221; title_text=&#8221;WhatsApp Image 2024-05-28 at 17.34.14 (1)&#8221; _builder_version=&#8221;4.18.1&#8243; _module_preset=&#8221;default&#8221; animation_style=&#8221;slide&#8221; global_colors_info=&#8221;{}&#8221;][\/et_pb_image][et_pb_image src=&#8221;https:\/\/econrio.com.br\/wp-content\/uploads\/2024\/06\/WhatsApp-Image-2024-05-28-at-17.34.14.jpeg&#8221; title_text=&#8221;WhatsApp Image 2024-05-28 at 17.34.14&#8243; _builder_version=&#8221;4.18.1&#8243; _module_preset=&#8221;default&#8221; animation_style=&#8221;slide&#8221; global_colors_info=&#8221;{}&#8221;][\/et_pb_image][et_pb_video src=&#8221;https:\/\/econrio.com.br\/wp-content\/uploads\/2024\/06\/WhatsApp-Video-2024-05-28-at-17.31.52.mp4&#8243; _builder_version=&#8221;4.18.1&#8243; _module_preset=&#8221;default&#8221; animation_style=&#8221;slide&#8221; global_colors_info=&#8221;{}&#8221;][\/et_pb_video][et_pb_image src=&#8221;https:\/\/econrio.com.br\/wp-content\/uploads\/2024\/06\/soschuvas2.png&#8221; title_text=&#8221;soschuvas2&#8243; _builder_version=&#8221;4.18.1&#8243; _module_preset=&#8221;default&#8221; custom_margin=&#8221;0px||||false|false&#8221; animation_style=&#8221;slide&#8221; animation_direction=&#8221;bottom&#8221; locked=&#8221;off&#8221; global_colors_info=&#8221;{}&#8221;][\/et_pb_image][et_pb_image src=&#8221;https:\/\/econrio.com.br\/wp-content\/uploads\/2024\/06\/soschuvas1.png&#8221; title_text=&#8221;soschuvas1&#8243; _builder_version=&#8221;4.18.1&#8243; _module_preset=&#8221;default&#8221; custom_margin=&#8221;-40px||0px||false|false&#8221; animation_style=&#8221;slide&#8221; animation_direction=&#8221;bottom&#8221; locked=&#8221;off&#8221; global_colors_info=&#8221;{}&#8221;][\/et_pb_image][\/et_pb_column][\/et_pb_row][\/et_pb_section]<\/p>\n","protected":false},"excerpt":{"rendered":"<p>ECONRIO contribui com uma Solu\u00e7\u00e3o de Tecnologia para Auxiliar V\u00edtimas das Enchentes no Rio Grande do SulIniciativa mostra compromisso da ECONRIO, por meio do seu bra\u00e7o de Responsabilidade Social ECON+Voc\u00ea, com a sociedade, unindo tecnologia e solidariedade Em resposta \u00e0 grave situa\u00e7\u00e3o causada pelas fortes chuvas que atingiram o Rio Grande do Sul, a ECONRIO, [&hellip;]<\/p>\n","protected":false},"author":7,"featured_media":0,"parent":0,"menu_order":0,"comment_status":"closed","ping_status":"closed","template":"","meta":{"_et_pb_use_builder":"on","_et_pb_old_content":"","_et_gb_content_width":"","footnotes":""},"class_list":["post-11113","page","type-page","status-publish","hentry"],"yoast_head":"<!-- This site is optimized with the Yoast SEO plugin v24.3 - https:\/\/yoast.com\/wordpress\/plugins\/seo\/ -->\n<title>Projeto SOS Chuvas - Econrio<\/title>\n<meta name=\"robots\" content=\"index, follow, max-snippet:-1, max-image-preview:large, max-video-preview:-1\" \/>\n<link rel=\"canonical\" href=\"https:\/\/econrio.com.br\/index.php\/projeto-sos-chuvas\/\" \/>\n<meta property=\"og:locale\" content=\"pt_BR\" \/>\n<meta property=\"og:type\" content=\"article\" \/>\n<meta property=\"og:title\" content=\"Projeto SOS Chuvas - Econrio\" \/>\n<meta property=\"og:description\" content=\"ECONRIO contribui com uma Solu\u00e7\u00e3o de Tecnologia para Auxiliar V\u00edtimas das Enchentes no Rio Grande do SulIniciativa mostra compromisso da ECONRIO, por meio do seu bra\u00e7o de Responsabilidade Social ECON+Voc\u00ea, com a sociedade, unindo tecnologia e solidariedade Em resposta \u00e0 grave situa\u00e7\u00e3o causada pelas fortes chuvas que atingiram o Rio Grande do Sul, a ECONRIO, [&hellip;]\" \/>\n<meta property=\"og:url\" content=\"https:\/\/econrio.com.br\/index.php\/projeto-sos-chuvas\/\" \/>\n<meta property=\"og:site_name\" content=\"Econrio\" \/>\n<meta property=\"article:modified_time\" content=\"2024-06-03T20:02:04+00:00\" \/>\n<meta name=\"twitter:card\" content=\"summary_large_image\" \/>\n<meta name=\"twitter:label1\" content=\"Est. tempo de leitura\" \/>\n\t<meta name=\"twitter:data1\" content=\"5 minutos\" \/>\n<script type=\"application\/ld+json\" class=\"yoast-schema-graph\">{\"@context\":\"https:\/\/schema.org\",\"@graph\":[{\"@type\":\"WebPage\",\"@id\":\"https:\/\/econrio.com.br\/index.php\/projeto-sos-chuvas\/\",\"url\":\"https:\/\/econrio.com.br\/index.php\/projeto-sos-chuvas\/\",\"name\":\"Projeto SOS Chuvas - Econrio\",\"isPartOf\":{\"@id\":\"https:\/\/econrio.com.br\/#website\"},\"datePublished\":\"2024-05-31T22:00:46+00:00\",\"dateModified\":\"2024-06-03T20:02:04+00:00\",\"breadcrumb\":{\"@id\":\"https:\/\/econrio.com.br\/index.php\/projeto-sos-chuvas\/#breadcrumb\"},\"inLanguage\":\"pt-BR\",\"potentialAction\":[{\"@type\":\"ReadAction\",\"target\":[\"https:\/\/econrio.com.br\/index.php\/projeto-sos-chuvas\/\"]}]},{\"@type\":\"BreadcrumbList\",\"@id\":\"https:\/\/econrio.com.br\/index.php\/projeto-sos-chuvas\/#breadcrumb\",\"itemListElement\":[{\"@type\":\"ListItem\",\"position\":1,\"name\":\"In\u00edcio\",\"item\":\"https:\/\/econrio.com.br\/\"},{\"@type\":\"ListItem\",\"position\":2,\"name\":\"Projeto SOS Chuvas\"}]},{\"@type\":\"WebSite\",\"@id\":\"https:\/\/econrio.com.br\/#website\",\"url\":\"https:\/\/econrio.com.br\/\",\"name\":\"Econrio\",\"description\":\"Presta\u00e7\u00e3o de servi\u00e7os de sele\u00e7\u00e3o e concursos p\u00fablicos.\",\"publisher\":{\"@id\":\"https:\/\/econrio.com.br\/#organization\"},\"potentialAction\":[{\"@type\":\"SearchAction\",\"target\":{\"@type\":\"EntryPoint\",\"urlTemplate\":\"https:\/\/econrio.com.br\/?s={search_term_string}\"},\"query-input\":{\"@type\":\"PropertyValueSpecification\",\"valueRequired\":true,\"valueName\":\"search_term_string\"}}],\"inLanguage\":\"pt-BR\"},{\"@type\":\"Organization\",\"@id\":\"https:\/\/econrio.com.br\/#organization\",\"name\":\"Econrio\",\"url\":\"https:\/\/econrio.com.br\/\",\"logo\":{\"@type\":\"ImageObject\",\"inLanguage\":\"pt-BR\",\"@id\":\"https:\/\/econrio.com.br\/#\/schema\/logo\/image\/\",\"url\":\"http:\/\/wpdev.econrio.com.br\/wp-content\/uploads\/2023\/09\/banner-share.jpg\",\"contentUrl\":\"http:\/\/wpdev.econrio.com.br\/wp-content\/uploads\/2023\/09\/banner-share.jpg\",\"width\":1899,\"height\":974,\"caption\":\"Econrio\"},\"image\":{\"@id\":\"https:\/\/econrio.com.br\/#\/schema\/logo\/image\/\"},\"sameAs\":[\"https:\/\/br.linkedin.com\/company\/econrio\"]}]}<\/script>\n<!-- \/ Yoast SEO plugin. -->","yoast_head_json":{"title":"Projeto SOS Chuvas - Econrio","robots":{"index":"index","follow":"follow","max-snippet":"max-snippet:-1","max-image-preview":"max-image-preview:large","max-video-preview":"max-video-preview:-1"},"canonical":"https:\/\/econrio.com.br\/index.php\/projeto-sos-chuvas\/","og_locale":"pt_BR","og_type":"article","og_title":"Projeto SOS Chuvas - Econrio","og_description":"ECONRIO contribui com uma Solu\u00e7\u00e3o de Tecnologia para Auxiliar V\u00edtimas das Enchentes no Rio Grande do SulIniciativa mostra compromisso da ECONRIO, por meio do seu bra\u00e7o de Responsabilidade Social ECON+Voc\u00ea, com a sociedade, unindo tecnologia e solidariedade Em resposta \u00e0 grave situa\u00e7\u00e3o causada pelas fortes chuvas que atingiram o Rio Grande do Sul, a ECONRIO, [&hellip;]","og_url":"https:\/\/econrio.com.br\/index.php\/projeto-sos-chuvas\/","og_site_name":"Econrio","article_modified_time":"2024-06-03T20:02:04+00:00","twitter_card":"summary_large_image","twitter_misc":{"Est. tempo de leitura":"5 minutos"},"schema":{"@context":"https:\/\/schema.org","@graph":[{"@type":"WebPage","@id":"https:\/\/econrio.com.br\/index.php\/projeto-sos-chuvas\/","url":"https:\/\/econrio.com.br\/index.php\/projeto-sos-chuvas\/","name":"Projeto SOS Chuvas - Econrio","isPartOf":{"@id":"https:\/\/econrio.com.br\/#website"},"datePublished":"2024-05-31T22:00:46+00:00","dateModified":"2024-06-03T20:02:04+00:00","breadcrumb":{"@id":"https:\/\/econrio.com.br\/index.php\/projeto-sos-chuvas\/#breadcrumb"},"inLanguage":"pt-BR","potentialAction":[{"@type":"ReadAction","target":["https:\/\/econrio.com.br\/index.php\/projeto-sos-chuvas\/"]}]},{"@type":"BreadcrumbList","@id":"https:\/\/econrio.com.br\/index.php\/projeto-sos-chuvas\/#breadcrumb","itemListElement":[{"@type":"ListItem","position":1,"name":"In\u00edcio","item":"https:\/\/econrio.com.br\/"},{"@type":"ListItem","position":2,"name":"Projeto SOS Chuvas"}]},{"@type":"WebSite","@id":"https:\/\/econrio.com.br\/#website","url":"https:\/\/econrio.com.br\/","name":"Econrio","description":"Presta\u00e7\u00e3o de servi\u00e7os de sele\u00e7\u00e3o e concursos p\u00fablicos.","publisher":{"@id":"https:\/\/econrio.com.br\/#organization"},"potentialAction":[{"@type":"SearchAction","target":{"@type":"EntryPoint","urlTemplate":"https:\/\/econrio.com.br\/?s={search_term_string}"},"query-input":{"@type":"PropertyValueSpecification","valueRequired":true,"valueName":"search_term_string"}}],"inLanguage":"pt-BR"},{"@type":"Organization","@id":"https:\/\/econrio.com.br\/#organization","name":"Econrio","url":"https:\/\/econrio.com.br\/","logo":{"@type":"ImageObject","inLanguage":"pt-BR","@id":"https:\/\/econrio.com.br\/#\/schema\/logo\/image\/","url":"http:\/\/wpdev.econrio.com.br\/wp-content\/uploads\/2023\/09\/banner-share.jpg","contentUrl":"http:\/\/wpdev.econrio.com.br\/wp-content\/uploads\/2023\/09\/banner-share.jpg","width":1899,"height":974,"caption":"Econrio"},"image":{"@id":"https:\/\/econrio.com.br\/#\/schema\/logo\/image\/"},"sameAs":["https:\/\/br.linkedin.com\/company\/econrio"]}]}},"_links":{"self":[{"href":"https:\/\/econrio.com.br\/index.php\/wp-json\/wp\/v2\/pages\/11113","targetHints":{"allow":["GET"]}}],"collection":[{"href":"https:\/\/econrio.com.br\/index.php\/wp-json\/wp\/v2\/pages"}],"about":[{"href":"https:\/\/econrio.com.br\/index.php\/wp-json\/wp\/v2\/types\/page"}],"author":[{"embeddable":true,"href":"https:\/\/econrio.com.br\/index.php\/wp-json\/wp\/v2\/users\/7"}],"replies":[{"embeddable":true,"href":"https:\/\/econrio.com.br\/index.php\/wp-json\/wp\/v2\/comments?post=11113"}],"version-history":[{"count":15,"href":"https:\/\/econrio.com.br\/index.php\/wp-json\/wp\/v2\/pages\/11113\/revisions"}],"predecessor-version":[{"id":11207,"href":"https:\/\/econrio.com.br\/index.php\/wp-json\/wp\/v2\/pages\/11113\/revisions\/11207"}],"wp:attachment":[{"href":"https:\/\/econrio.com.br\/index.php\/wp-json\/wp\/v2\/media?parent=11113"}],"curies":[{"name":"wp","href":"https:\/\/api.w.org\/{rel}","templated":true}]}}