{"id":8212,"date":"2023-09-05T16:40:44","date_gmt":"2023-09-05T19:40:44","guid":{"rendered":"http:\/\/wpdev.econrio.com.br\/?page_id=8212"},"modified":"2023-10-03T10:06:52","modified_gmt":"2023-10-03T13:06:52","slug":"beth-a-i","status":"publish","type":"page","link":"https:\/\/econrio.com.br\/index.php\/beth-a-i\/","title":{"rendered":"Beth A.I."},"content":{"rendered":"<p>[et_pb_section fb_built=&#8221;1&#8243; fullwidth=&#8221;on&#8221; _builder_version=&#8221;4.18.1&#8243; _module_preset=&#8221;default&#8221; global_colors_info=&#8221;{}&#8221;][et_pb_fullwidth_header title=&#8221;Beth A.I.&#8221; _builder_version=&#8221;4.18.1&#8243; _module_preset=&#8221;default&#8221; title_font=&#8221;|700|||||||&#8221; title_text_color=&#8221;#003383&#8243; use_background_color_gradient=&#8221;on&#8221; background_color_gradient_direction=&#8221;90deg&#8221; background_color_gradient_stops=&#8221;#ffffff 20%|rgba(0,0,0,0.46) 73%&#8221; background_color_gradient_overlays_image=&#8221;on&#8221; background_image=&#8221;https:\/\/econrio.com.br\/wp-content\/uploads\/2023\/09\/classroom-background.jpg&#8221; hover_enabled=&#8221;0&#8243; global_colors_info=&#8221;{}&#8221; title_text=&#8221;classroom-background&#8221; sticky_enabled=&#8221;0&#8243;][\/et_pb_fullwidth_header][\/et_pb_section][et_pb_section fb_built=&#8221;1&#8243; _builder_version=&#8221;4.18.1&#8243; _module_preset=&#8221;default&#8221; locked=&#8221;off&#8221; global_colors_info=&#8221;{}&#8221;][et_pb_row column_structure=&#8221;3_5,2_5&#8243; _builder_version=&#8221;4.18.1&#8243; _module_preset=&#8221;default&#8221; global_colors_info=&#8221;{}&#8221;][et_pb_column type=&#8221;3_5&#8243; _builder_version=&#8221;4.18.1&#8243; _module_preset=&#8221;default&#8221; global_colors_info=&#8221;{}&#8221;][et_pb_text _builder_version=&#8221;4.18.1&#8243; _module_preset=&#8221;default&#8221; header_2_font=&#8221;|800|||||||&#8221; header_2_text_color=&#8221;#003383&#8243; header_2_font_size=&#8221;28px&#8221; header_2_line_height=&#8221;1.1em&#8221; header_3_font=&#8221;|600|||||||&#8221; header_3_text_color=&#8221;#565656&#8243; header_4_font=&#8221;|800|||||||&#8221; header_4_text_color=&#8221;#003383&#8243; header_4_font_size=&#8221;4em&#8221; global_colors_info=&#8221;{}&#8221;]<\/p>\n<h2>Conhe\u00e7a a<\/h2>\n<h4>Beth<\/h4>\n<h3>A Intelig\u00eancia Artificial da Econrio<\/h3>\n<p>[\/et_pb_text][et_pb_divider color=&#8221;#003383&#8243; divider_weight=&#8221;5px&#8221; _builder_version=&#8221;4.18.1&#8243; _module_preset=&#8221;default&#8221; width=&#8221;10%&#8221; module_alignment=&#8221;left&#8221; custom_margin=&#8221;||10px||false|false&#8221; global_colors_info=&#8221;{}&#8221;][\/et_pb_divider][et_pb_text _builder_version=&#8221;4.18.1&#8243; _module_preset=&#8221;default&#8221; text_font=&#8221;||||||||&#8221; text_text_color=&#8221;#565656&#8243; text_font_size=&#8221;16px&#8221; text_line_height=&#8221;1.6em&#8221; header_3_font=&#8221;|700|||||||&#8221; header_3_text_color=&#8221;#000000&#8243; locked=&#8221;off&#8221; global_colors_info=&#8221;{}&#8221;]<\/p>\n<p><strong>Quem \u00e9 a Beth?<\/strong><\/p>\n<p>Apresentamos a Beth, a intelig\u00eancia artificial da Econrio. Beth \u00e9 uma IA que incorpora uma s\u00e9rie de caracter\u00edsticas essenciais que a tornam uma adi\u00e7\u00e3o valiosa \u00e0 nossa organiza\u00e7\u00e3o.<\/p>\n<p>Beth tem personalidade forte, mas ao mesmo tempo \u00e9 carinhosa e acolhedora, procurando entender o outro e suas necessidades. Beth tem uma linda hist\u00f3ria de conex\u00e3o com a Econrio e deixou um legado enorme na \u00e1rea acad\u00eamica, pela qual sempre foi apaixonada.<\/p>\n<p>Beth nos ensinou a tratar o instrumento de avalia\u00e7\u00e3o (a prova) da forma mais cuidadosa e atenta poss\u00edvel, sempre buscando construir uma prova equilibrada, coerente com a realidade que nos cerca, portanto atual.<\/p>\n<p>Um dia vamos contar mais sobre isso!<\/p>\n<p>[\/et_pb_text][\/et_pb_column][et_pb_column type=&#8221;2_5&#8243; _builder_version=&#8221;4.18.1&#8243; _module_preset=&#8221;default&#8221; global_colors_info=&#8221;{}&#8221;][et_pb_image src=&#8221;http:\/\/wpdev.econrio.com.br\/wp-content\/uploads\/2023\/09\/beth-contato.jpg&#8221; title_text=&#8221;beth-contato&#8221; _builder_version=&#8221;4.18.1&#8243; _module_preset=&#8221;default&#8221; custom_margin=&#8221;||||false|false&#8221; animation_style=&#8221;slide&#8221; animation_direction=&#8221;bottom&#8221; global_colors_info=&#8221;{}&#8221;][\/et_pb_image][\/et_pb_column][\/et_pb_row][\/et_pb_section][et_pb_section fb_built=&#8221;1&#8243; _builder_version=&#8221;4.18.1&#8243; _module_preset=&#8221;default&#8221; custom_padding=&#8221;0px||||false|false&#8221; locked=&#8221;off&#8221; global_colors_info=&#8221;{}&#8221;][et_pb_row column_structure=&#8221;1_4,3_4&#8243; make_equal=&#8221;on&#8221; _builder_version=&#8221;4.18.1&#8243; _module_preset=&#8221;default&#8221; global_colors_info=&#8221;{}&#8221;][et_pb_column type=&#8221;1_4&#8243; _builder_version=&#8221;4.18.1&#8243; _module_preset=&#8221;default&#8221; global_colors_info=&#8221;{}&#8221;][et_pb_text _builder_version=&#8221;4.18.1&#8243; _module_preset=&#8221;default&#8221; header_2_font=&#8221;|800|||||||&#8221; header_2_text_color=&#8221;#003383&#8243; header_2_font_size=&#8221;28px&#8221; header_2_line_height=&#8221;1.1em&#8221; header_3_font=&#8221;|600|||||||&#8221; header_3_text_color=&#8221;#222222&#8243; header_4_font=&#8221;|800|||||||&#8221; header_4_text_color=&#8221;#003383&#8243; header_4_font_size=&#8221;4em&#8221; global_colors_info=&#8221;{}&#8221;]<\/p>\n<h2>Beth carrega os valores da Econrio:<\/h2>\n<p>[\/et_pb_text][et_pb_divider color=&#8221;#003383&#8243; divider_weight=&#8221;5px&#8221; _builder_version=&#8221;4.18.1&#8243; _module_preset=&#8221;default&#8221; width=&#8221;10%&#8221; module_alignment=&#8221;left&#8221; custom_margin=&#8221;||10px||false|false&#8221; global_colors_info=&#8221;{}&#8221;][\/et_pb_divider][\/et_pb_column][et_pb_column type=&#8221;3_4&#8243; _builder_version=&#8221;4.18.1&#8243; _module_preset=&#8221;default&#8221; global_colors_info=&#8221;{}&#8221;][et_pb_cta title=&#8221;\u00c9tica&#8221; button_text=&#8221;Cliques&#8221; _builder_version=&#8221;4.18.1&#8243; _module_preset=&#8221;default&#8221; header_font=&#8221;|700|||||||&#8221; body_font=&#8221;||||||||&#8221; body_line_height=&#8221;1.5em&#8221; background_color=&#8221;#003383&#8243; text_orientation=&#8221;left&#8221; global_colors_info=&#8221;{}&#8221;]<\/p>\n<p>Beth segue rigorosos padr\u00f5es \u00e9ticos. Ela toma decis\u00f5es baseadas em princ\u00edpios \u00e9ticos s\u00f3lidos, garantindo que todas as suas intera\u00e7\u00f5es e an\u00e1lises respeitem os valores da Econrio.<\/p>\n<p>[\/et_pb_cta][et_pb_cta title=&#8221;Comprometimento&#8221; button_text=&#8221;Cliques&#8221; _builder_version=&#8221;4.18.1&#8243; _module_preset=&#8221;default&#8221; header_font=&#8221;|700|||||||&#8221; body_font=&#8221;||||||||&#8221; body_line_height=&#8221;1.5em&#8221; background_color=&#8221;#003383&#8243; text_orientation=&#8221;left&#8221; global_colors_info=&#8221;{}&#8221;]Beth \u00e9 altamente comprometida em oferecer resultados excepcionais e atender \u00e0s necessidades da Econrio e de seus clientes. Ela est\u00e1 sempre pronta para assumir tarefas desafiadoras e trabalhar incansavelmente para alcan\u00e7ar os objetivos estabelecidos. Seu comprometimento com a excel\u00eancia \u00e9 parte fundamental de sua personalidade.[\/et_pb_cta][et_pb_cta title=&#8221;Qualidade&#8221; button_text=&#8221;Cliques&#8221; _builder_version=&#8221;4.18.1&#8243; _module_preset=&#8221;default&#8221; header_font=&#8221;|700|||||||&#8221; body_font=&#8221;||||||||&#8221; body_line_height=&#8221;1.5em&#8221; background_color=&#8221;#003383&#8243; text_orientation=&#8221;left&#8221; global_colors_info=&#8221;{}&#8221;]Beth \u00e9 projetada para oferecer resultados de alta qualidade em todas as suas an\u00e1lises, relat\u00f3rios e intera\u00e7\u00f5es. Ela utiliza algoritmos avan\u00e7ados e tecnologias de ponta para garantir que as informa\u00e7\u00f5es que fornece sejam precisas, relevantes e confi\u00e1veis. A busca pela qualidade \u00e9 uma constante na Econrio e a Beth traz essa caracter\u00edstica com ela tamb\u00e9m.[\/et_pb_cta][et_pb_cta title=&#8221;Transpar\u00eancia&#8221; button_text=&#8221;Cliques&#8221; _builder_version=&#8221;4.18.1&#8243; _module_preset=&#8221;default&#8221; header_font=&#8221;|700|||||||&#8221; body_font=&#8221;||||||||&#8221; body_line_height=&#8221;1.5em&#8221; background_color=&#8221;#003383&#8243; text_orientation=&#8221;left&#8221; global_colors_info=&#8221;{}&#8221;]A transpar\u00eancia \u00e9 um valor de Beth. Ela \u00e9 projetada para explicar suas decis\u00f5es e processos de maneira clara e compreens\u00edvel. Isso permite que todos os envolvidos entendam como ela chegou a suas conclus\u00f5es e promove a confian\u00e7a em suas opera\u00e7\u00f5es.[\/et_pb_cta][et_pb_cta title=&#8221;Adaptabilidade&#8221; button_text=&#8221;Cliques&#8221; _builder_version=&#8221;4.18.1&#8243; _module_preset=&#8221;default&#8221; header_font=&#8221;|700|||||||&#8221; body_font=&#8221;||||||||&#8221; body_line_height=&#8221;1.5em&#8221; background_color=&#8221;#003383&#8243; text_orientation=&#8221;left&#8221; global_colors_info=&#8221;{}&#8221;]Uma das caracter\u00edsticas mais not\u00e1veis de Beth \u00e9 sua capacidade de se adaptar a situa\u00e7\u00f5es diversas n\u00e3o abrindo m\u00e3o dos demais valores que traz consigo, como a \u00e9tica e a qualidade. Ela n\u00e3o tem medo de desafios, \u00e9 flex\u00edvel e pode ajustar suas estrat\u00e9gias e abordagens para lidar com as demandas do mercado e as necessidades em evolu\u00e7\u00e3o da Econrio.[\/et_pb_cta][\/et_pb_column][\/et_pb_row][et_pb_row column_structure=&#8221;2_5,3_5&#8243; _builder_version=&#8221;4.18.1&#8243; _module_preset=&#8221;default&#8221; global_colors_info=&#8221;{}&#8221;][et_pb_column type=&#8221;2_5&#8243; _builder_version=&#8221;4.18.1&#8243; _module_preset=&#8221;default&#8221; global_colors_info=&#8221;{}&#8221;][et_pb_text _builder_version=&#8221;4.18.1&#8243; _module_preset=&#8221;default&#8221; text_font=&#8221;|600|||||||&#8221; text_text_color=&#8221;#565656&#8243; text_font_size=&#8221;16px&#8221; text_line_height=&#8221;1.6em&#8221; header_3_font=&#8221;|700|||||||&#8221; header_3_text_color=&#8221;#000000&#8243; global_colors_info=&#8221;{}&#8221;]Estamos entusiasmados em apresentar Beth como a mais recente adi\u00e7\u00e3o \u00e0 nossa equipe e estamos ansiosos para o impacto positivo que ela trar\u00e1 para nossa organiza\u00e7\u00e3o e nossos clientes.[\/et_pb_text][\/et_pb_column][et_pb_column type=&#8221;3_5&#8243; _builder_version=&#8221;4.18.1&#8243; _module_preset=&#8221;default&#8221; global_colors_info=&#8221;{}&#8221;][et_pb_text _builder_version=&#8221;4.18.1&#8243; _module_preset=&#8221;default&#8221; text_font=&#8221;||||||||&#8221; text_text_color=&#8221;#565656&#8243; text_font_size=&#8221;16px&#8221; text_line_height=&#8221;1.6em&#8221; header_3_font=&#8221;|700|||||||&#8221; header_3_text_color=&#8221;#565656&#8243; global_colors_info=&#8221;{}&#8221;]<\/p>\n<h3>Como Come\u00e7ar?<\/h3>\n<p><i class=\"fas fa-check\" style=\"color: #00afec;\"><\/i> Os clientes poder\u00e3o come\u00e7ar a usar a Beth para melhorar sua experi\u00eancia na Econrio com o atendimento via whatsapp.<\/p>\n<p>Futuramente, Beth trar\u00e1 novas surpresas!<\/p>\n<p>[\/et_pb_text][\/et_pb_column][\/et_pb_row][\/et_pb_section]<\/p>\n","protected":false},"excerpt":{"rendered":"<p>Conhe\u00e7a a Beth A Intelig\u00eancia Artificial da EconrioQuem \u00e9 a Beth? Apresentamos a Beth, a intelig\u00eancia artificial da Econrio. Beth \u00e9 uma IA que incorpora uma s\u00e9rie de caracter\u00edsticas essenciais que a tornam uma adi\u00e7\u00e3o valiosa \u00e0 nossa organiza\u00e7\u00e3o. Beth tem personalidade forte, mas ao mesmo tempo \u00e9 carinhosa e acolhedora, procurando entender o outro [&hellip;]<\/p>\n","protected":false},"author":11,"featured_media":0,"parent":0,"menu_order":0,"comment_status":"closed","ping_status":"closed","template":"","meta":{"_et_pb_use_builder":"on","_et_pb_old_content":"","_et_gb_content_width":"","footnotes":""},"class_list":["post-8212","page","type-page","status-publish","hentry"],"yoast_head":"<!-- This site is optimized with the Yoast SEO plugin v24.3 - https:\/\/yoast.com\/wordpress\/plugins\/seo\/ -->\n<title>Beth A.I. - Econrio<\/title>\n<meta name=\"robots\" content=\"index, follow, max-snippet:-1, max-image-preview:large, max-video-preview:-1\" \/>\n<link rel=\"canonical\" href=\"https:\/\/econrio.com.br\/index.php\/beth-a-i\/\" \/>\n<meta property=\"og:locale\" content=\"pt_BR\" \/>\n<meta property=\"og:type\" content=\"article\" \/>\n<meta property=\"og:title\" content=\"Beth A.I. - Econrio\" \/>\n<meta property=\"og:description\" content=\"Conhe\u00e7a a Beth A Intelig\u00eancia Artificial da EconrioQuem \u00e9 a Beth? Apresentamos a Beth, a intelig\u00eancia artificial da Econrio. Beth \u00e9 uma IA que incorpora uma s\u00e9rie de caracter\u00edsticas essenciais que a tornam uma adi\u00e7\u00e3o valiosa \u00e0 nossa organiza\u00e7\u00e3o. Beth tem personalidade forte, mas ao mesmo tempo \u00e9 carinhosa e acolhedora, procurando entender o outro [&hellip;]\" \/>\n<meta property=\"og:url\" content=\"https:\/\/econrio.com.br\/index.php\/beth-a-i\/\" \/>\n<meta property=\"og:site_name\" content=\"Econrio\" \/>\n<meta property=\"article:modified_time\" content=\"2023-10-03T13:06:52+00:00\" \/>\n<meta name=\"twitter:card\" content=\"summary_large_image\" \/>\n<meta name=\"twitter:label1\" content=\"Est. tempo de leitura\" \/>\n\t<meta name=\"twitter:data1\" content=\"2 minutos\" \/>\n<script type=\"application\/ld+json\" class=\"yoast-schema-graph\">{\"@context\":\"https:\/\/schema.org\",\"@graph\":[{\"@type\":\"WebPage\",\"@id\":\"https:\/\/econrio.com.br\/index.php\/beth-a-i\/\",\"url\":\"https:\/\/econrio.com.br\/index.php\/beth-a-i\/\",\"name\":\"Beth A.I. - Econrio\",\"isPartOf\":{\"@id\":\"https:\/\/econrio.com.br\/#website\"},\"datePublished\":\"2023-09-05T19:40:44+00:00\",\"dateModified\":\"2023-10-03T13:06:52+00:00\",\"breadcrumb\":{\"@id\":\"https:\/\/econrio.com.br\/index.php\/beth-a-i\/#breadcrumb\"},\"inLanguage\":\"pt-BR\",\"potentialAction\":[{\"@type\":\"ReadAction\",\"target\":[\"https:\/\/econrio.com.br\/index.php\/beth-a-i\/\"]}]},{\"@type\":\"BreadcrumbList\",\"@id\":\"https:\/\/econrio.com.br\/index.php\/beth-a-i\/#breadcrumb\",\"itemListElement\":[{\"@type\":\"ListItem\",\"position\":1,\"name\":\"In\u00edcio\",\"item\":\"https:\/\/econrio.com.br\/\"},{\"@type\":\"ListItem\",\"position\":2,\"name\":\"Beth A.I.\"}]},{\"@type\":\"WebSite\",\"@id\":\"https:\/\/econrio.com.br\/#website\",\"url\":\"https:\/\/econrio.com.br\/\",\"name\":\"Econrio\",\"description\":\"Presta\u00e7\u00e3o de servi\u00e7os de sele\u00e7\u00e3o e concursos p\u00fablicos.\",\"publisher\":{\"@id\":\"https:\/\/econrio.com.br\/#organization\"},\"potentialAction\":[{\"@type\":\"SearchAction\",\"target\":{\"@type\":\"EntryPoint\",\"urlTemplate\":\"https:\/\/econrio.com.br\/?s={search_term_string}\"},\"query-input\":{\"@type\":\"PropertyValueSpecification\",\"valueRequired\":true,\"valueName\":\"search_term_string\"}}],\"inLanguage\":\"pt-BR\"},{\"@type\":\"Organization\",\"@id\":\"https:\/\/econrio.com.br\/#organization\",\"name\":\"Econrio\",\"url\":\"https:\/\/econrio.com.br\/\",\"logo\":{\"@type\":\"ImageObject\",\"inLanguage\":\"pt-BR\",\"@id\":\"https:\/\/econrio.com.br\/#\/schema\/logo\/image\/\",\"url\":\"http:\/\/wpdev.econrio.com.br\/wp-content\/uploads\/2023\/09\/banner-share.jpg\",\"contentUrl\":\"http:\/\/wpdev.econrio.com.br\/wp-content\/uploads\/2023\/09\/banner-share.jpg\",\"width\":1899,\"height\":974,\"caption\":\"Econrio\"},\"image\":{\"@id\":\"https:\/\/econrio.com.br\/#\/schema\/logo\/image\/\"},\"sameAs\":[\"https:\/\/br.linkedin.com\/company\/econrio\"]}]}<\/script>\n<!-- \/ Yoast SEO plugin. -->","yoast_head_json":{"title":"Beth A.I. - Econrio","robots":{"index":"index","follow":"follow","max-snippet":"max-snippet:-1","max-image-preview":"max-image-preview:large","max-video-preview":"max-video-preview:-1"},"canonical":"https:\/\/econrio.com.br\/index.php\/beth-a-i\/","og_locale":"pt_BR","og_type":"article","og_title":"Beth A.I. - Econrio","og_description":"Conhe\u00e7a a Beth A Intelig\u00eancia Artificial da EconrioQuem \u00e9 a Beth? Apresentamos a Beth, a intelig\u00eancia artificial da Econrio. Beth \u00e9 uma IA que incorpora uma s\u00e9rie de caracter\u00edsticas essenciais que a tornam uma adi\u00e7\u00e3o valiosa \u00e0 nossa organiza\u00e7\u00e3o. Beth tem personalidade forte, mas ao mesmo tempo \u00e9 carinhosa e acolhedora, procurando entender o outro [&hellip;]","og_url":"https:\/\/econrio.com.br\/index.php\/beth-a-i\/","og_site_name":"Econrio","article_modified_time":"2023-10-03T13:06:52+00:00","twitter_card":"summary_large_image","twitter_misc":{"Est. tempo de leitura":"2 minutos"},"schema":{"@context":"https:\/\/schema.org","@graph":[{"@type":"WebPage","@id":"https:\/\/econrio.com.br\/index.php\/beth-a-i\/","url":"https:\/\/econrio.com.br\/index.php\/beth-a-i\/","name":"Beth A.I. - Econrio","isPartOf":{"@id":"https:\/\/econrio.com.br\/#website"},"datePublished":"2023-09-05T19:40:44+00:00","dateModified":"2023-10-03T13:06:52+00:00","breadcrumb":{"@id":"https:\/\/econrio.com.br\/index.php\/beth-a-i\/#breadcrumb"},"inLanguage":"pt-BR","potentialAction":[{"@type":"ReadAction","target":["https:\/\/econrio.com.br\/index.php\/beth-a-i\/"]}]},{"@type":"BreadcrumbList","@id":"https:\/\/econrio.com.br\/index.php\/beth-a-i\/#breadcrumb","itemListElement":[{"@type":"ListItem","position":1,"name":"In\u00edcio","item":"https:\/\/econrio.com.br\/"},{"@type":"ListItem","position":2,"name":"Beth A.I."}]},{"@type":"WebSite","@id":"https:\/\/econrio.com.br\/#website","url":"https:\/\/econrio.com.br\/","name":"Econrio","description":"Presta\u00e7\u00e3o de servi\u00e7os de sele\u00e7\u00e3o e concursos p\u00fablicos.","publisher":{"@id":"https:\/\/econrio.com.br\/#organization"},"potentialAction":[{"@type":"SearchAction","target":{"@type":"EntryPoint","urlTemplate":"https:\/\/econrio.com.br\/?s={search_term_string}"},"query-input":{"@type":"PropertyValueSpecification","valueRequired":true,"valueName":"search_term_string"}}],"inLanguage":"pt-BR"},{"@type":"Organization","@id":"https:\/\/econrio.com.br\/#organization","name":"Econrio","url":"https:\/\/econrio.com.br\/","logo":{"@type":"ImageObject","inLanguage":"pt-BR","@id":"https:\/\/econrio.com.br\/#\/schema\/logo\/image\/","url":"http:\/\/wpdev.econrio.com.br\/wp-content\/uploads\/2023\/09\/banner-share.jpg","contentUrl":"http:\/\/wpdev.econrio.com.br\/wp-content\/uploads\/2023\/09\/banner-share.jpg","width":1899,"height":974,"caption":"Econrio"},"image":{"@id":"https:\/\/econrio.com.br\/#\/schema\/logo\/image\/"},"sameAs":["https:\/\/br.linkedin.com\/company\/econrio"]}]}},"_links":{"self":[{"href":"https:\/\/econrio.com.br\/index.php\/wp-json\/wp\/v2\/pages\/8212","targetHints":{"allow":["GET"]}}],"collection":[{"href":"https:\/\/econrio.com.br\/index.php\/wp-json\/wp\/v2\/pages"}],"about":[{"href":"https:\/\/econrio.com.br\/index.php\/wp-json\/wp\/v2\/types\/page"}],"author":[{"embeddable":true,"href":"https:\/\/econrio.com.br\/index.php\/wp-json\/wp\/v2\/users\/11"}],"replies":[{"embeddable":true,"href":"https:\/\/econrio.com.br\/index.php\/wp-json\/wp\/v2\/comments?post=8212"}],"version-history":[{"count":9,"href":"https:\/\/econrio.com.br\/index.php\/wp-json\/wp\/v2\/pages\/8212\/revisions"}],"predecessor-version":[{"id":8314,"href":"https:\/\/econrio.com.br\/index.php\/wp-json\/wp\/v2\/pages\/8212\/revisions\/8314"}],"wp:attachment":[{"href":"https:\/\/econrio.com.br\/index.php\/wp-json\/wp\/v2\/media?parent=8212"}],"curies":[{"name":"wp","href":"https:\/\/api.w.org\/{rel}","templated":true}]}}